{"id":29,"date":"2023-03-16T10:18:36","date_gmt":"2023-03-16T10:18:36","guid":{"rendered":"http:\/\/bracketweb.com\/insuzwp\/?page_id=29"},"modified":"2024-06-15T06:31:49","modified_gmt":"2024-06-15T06:31:49","slug":"uber-uns","status":"publish","type":"page","link":"https:\/\/consistorkred.com\/index.php\/uber-uns\/","title":{"rendered":"\u00dcber uns"},"content":{"rendered":"\t\t<div data-elementor-type=\"wp-page\" data-elementor-id=\"29\" class=\"elementor elementor-29\">\n\t\t\t\t\t\t<section class=\"elementor-section elementor-top-section elementor-element elementor-element-995fe2f elementor-section-full_width elementor-section-height-default elementor-section-height-default\" data-id=\"995fe2f\" data-element_type=\"section\">\n\t\t\t\t\t\t<div class=\"elementor-container elementor-column-gap-no\">\n\t\t\t\t\t<div class=\"elementor-column elementor-col-100 elementor-top-column elementor-element elementor-element-2495e648\" data-id=\"2495e648\" data-element_type=\"column\">\n\t\t\t<div class=\"elementor-widget-wrap elementor-element-populated\">\n\t\t\t\t\t\t<div class=\"elementor-element elementor-element-1f7347de elementor-widget elementor-widget-insuz-about\" data-id=\"1f7347de\" data-element_type=\"widget\" data-widget_type=\"insuz-about.default\">\n\t\t\t\t<div class=\"elementor-widget-container\">\n\t\t\t\t\t\t<!--About Two Start-->\r\n\t<section class=\"about-two\">\r\n\t\t\t\t\t<div class=\"about-two__shape-1 zoominout\">\r\n\t\t\t\t<img decoding=\"async\" src=\"http:\/\/bracketweb.com\/insuzwp\/wp-content\/uploads\/2023\/03\/about-two-shape-1.png\" alt=\"about-two-shape-1\">\r\n\t\t\t<\/div>\r\n\t\t\t\t\t\t\t<div class=\"about-two__shape-2 float-bob-x\">\r\n\t\t\t\t<img decoding=\"async\" src=\"http:\/\/bracketweb.com\/insuzwp\/wp-content\/uploads\/2023\/03\/about-two-shape-2.png\" alt=\"about-two-shape-2\">\r\n\t\t\t<\/div>\r\n\t\t\t\t\t\t\t<div class=\"about-two__shape-3 float-bob-y\">\r\n\t\t\t\t<img decoding=\"async\" src=\"http:\/\/bracketweb.com\/insuzwp\/wp-content\/uploads\/2023\/03\/about-two-shape-3.png\" alt=\"about-two-shape-3\">\r\n\t\t\t<\/div>\r\n\t\t\t\t<div class=\"container\">\r\n\t\t\t<div class=\"row\">\r\n\t\t\t\t<div class=\"col-xl-8 col-lg-9\">\r\n\t\t\t\t\t<div class=\"about-two__left\">\r\n\r\n\t\t\t\t\t\t\t\t\t\t\t\t\t<div class=\"section-title text-left\">\r\n\t\t\t\t\t\t\t\t\t\t\t\t\t\t\t\t\t<span class=\"section-title__tagline\">Consistor Kredit GmbH<\/span>\r\n\t\t\t\t\t\t\t\t\t\t\t\t\t\t\t\t\t\t\t\t\t\t\t\t\t<h2 class=\"section-title__title\">\u00dcber die Consistor Kredit GmbH<\/h2>\r\n\t\t\t\t\t\t\t\t\t\t\t\t\t\t\t<\/div>\r\n\t\t\t\t\t\t\t\t\t\t\t\t\t\t\t\t\t\t\t<p class=\"about-two__text\">Die Consistor Kredit GmbH ist seit vielen Jahren ein deutscher Anbieter von Privatkrediten, Versicherungen und Vorsorgeprodukten.\n\nMit unseren erfahrenen Kreditprofis und einer Website, auf der sich Kunden leicht zurechtfinden, bearbeiten Sie Ihre Darlehensantr\u00e4ge zeit- und ortsunabh\u00e4ngig online oder bei uns in der Filiale: flexibel, bequem, unabh\u00e4ngig und sicher.\n\nWir legen gro\u00dfen Wert auf eine schnelle und unkomplizierte Gesch\u00e4ftsabwicklung. Mit einem vielf\u00e4ltigen Angebot an Produkten, Dienstleistungen und n\u00fctzlichen Hilfsmitteln stehen wir Ihnen jederzeit zur Seite.\n\nWir freuen uns sehr, dass Sie uns gefunden haben. Wenn Sie Fragen haben, z\u00f6gern Sie bitte nicht, uns per Telefon oder E-Mail zu kontaktieren oder eine Online-Kontaktanfrage zu stellen.<\/p>\r\n\t\t\t\t\t\t\t\t\t\t\t\t<div class=\"about-two__points-box\">\r\n\t\t\t\t\t\t\t<ul class=\"about-two__points list-unstyled ml-0\">\r\n\t\t\t\t\t\t\t\t\t\t\t\t\t\t\t\t\t<li>\r\n\t\t\t\t\t\t\t\t\t\t<div class=\"icon\">\r\n\t\t\t\t\t\t\t\t\t\t\t<span class=\"icon-check\"><\/span>\r\n\t\t\t\t\t\t\t\t\t\t<\/div>\r\n\t\t\t\t\t\t\t\t\t\t<div class=\"text\">\r\n\t\t\t\t\t\t\t\t\t\t\t<p>Mehr als 40.000 zufriedene Kunden<\/p>\r\n\t\t\t\t\t\t\t\t\t\t<\/div>\r\n\t\t\t\t\t\t\t\t\t<\/li>\r\n\t\t\t\t\t\t\t\t\t\t\t\t\t\t\t\t\t<li>\r\n\t\t\t\t\t\t\t\t\t\t<div class=\"icon\">\r\n\t\t\t\t\t\t\t\t\t\t\t<span class=\"icon-check\"><\/span>\r\n\t\t\t\t\t\t\t\t\t\t<\/div>\r\n\t\t\t\t\t\t\t\t\t\t<div class=\"text\">\r\n\t\t\t\t\t\t\t\t\t\t\t<p>Beste Finanzierungsl\u00f6sung<\/p>\r\n\t\t\t\t\t\t\t\t\t\t<\/div>\r\n\t\t\t\t\t\t\t\t\t<\/li>\r\n\t\t\t\t\t\t\t\t\t\t\t\t\t\t\t\t\t<li>\r\n\t\t\t\t\t\t\t\t\t\t<div class=\"icon\">\r\n\t\t\t\t\t\t\t\t\t\t\t<span class=\"icon-check\"><\/span>\r\n\t\t\t\t\t\t\t\t\t\t<\/div>\r\n\t\t\t\t\t\t\t\t\t\t<div class=\"text\">\r\n\t\t\t\t\t\t\t\t\t\t\t<p>Sicher, diskret und keine versteckten Kosten<\/p>\r\n\t\t\t\t\t\t\t\t\t\t<\/div>\r\n\t\t\t\t\t\t\t\t\t<\/li>\r\n\t\t\t\t\t\t\t\t\t\t\t\t\t\t\t<\/ul>\r\n\r\n\t\t\t\t\t\t\t\t\t\t\t\t\t\t\t<div class=\"about-two__points-img\">\r\n\t\t\t\t\t\t\t\t\t<img decoding=\"async\" src=\"http:\/\/bracketweb.com\/insuzwp\/wp-content\/uploads\/2023\/03\/about-two-points-img.jpg\" alt=\"about-two-points-img\">\r\n\t\t\t\t\t\t\t\t<\/div>\r\n\t\t\t\t\t\t\t\t\t\t\t\t\t<\/div>\r\n\t\t\t\t\t<\/div>\r\n\t\t\t\t<\/div>\r\n\t\t\t\t<div class=\"col-xl-4\">\r\n\t\t\t\t\t<div class=\"about-two__right\">\r\n\t\t\t\t\t\t<ul class=\"about-two__counter list-unstyled ml-0\">\r\n\r\n\t\t\t\t\t\t\t\t\t\t\t\t\t\t\t<li>\r\n\t\t\t\t\t\t\t\t\t<h3 class=\"about-two__counter-title\">Kreditberatung 1:<\/h3>\r\n\t\t\t\t\t\t\t\t\t<div class=\"about-two__counter-and-text\">\r\n\t\t\t\t\t\t\t\t\t\t<div class=\"about-two__count-box about-two__count-box-1 count-box d-flex\">\r\n\t\t\t\t\t\t\t\t\t\t\t<h3 class=\"count-text\" data-speed='1500' data-stop=\"1\"><\/h3>\r\n\t\t\t\t\t\t\t\t\t\t\t<span class=\"about-two__count-plus\"><\/span>\r\n\t\t\t\t\t\t\t\t\t\t<\/div>\r\n\t\t\t\t\t\t\t\t\t\t<div class=\"about-two__count-text\">\r\n\t\t\t\t\t\t\t\t\t\t\t<p>Wenn Sie einen Darlehensantrag stellen, reichen Sie bitte keine weiteren Antr\u00e4ge bei anderen Kreditinstituten oder Banken ein. \t\t\t\t\t\t\t\t\t\t\t<\/p>\r\n\t\t\t\t\t\t\t\t\t\t<\/div>\r\n\t\t\t\t\t\t\t\t\t<\/div>\r\n\t\t\t\t\t\t\t\t<\/li>\r\n\t\t\t\t\t\t\t\t\t\t\t\t\t\t\t<li>\r\n\t\t\t\t\t\t\t\t\t<h3 class=\"about-two__counter-title\">Kreditrat 2:<\/h3>\r\n\t\t\t\t\t\t\t\t\t<div class=\"about-two__counter-and-text\">\r\n\t\t\t\t\t\t\t\t\t\t<div class=\"about-two__count-box about-two__count-box-2 count-box d-flex\">\r\n\t\t\t\t\t\t\t\t\t\t\t<h3 class=\"count-text\" data-speed='1500' data-stop=\"2\"><\/h3>\r\n\t\t\t\t\t\t\t\t\t\t\t<span class=\"about-two__count-plus\"><\/span>\r\n\t\t\t\t\t\t\t\t\t\t<\/div>\r\n\t\t\t\t\t\t\t\t\t\t<div class=\"about-two__count-text\">\r\n\t\t\t\t\t\t\t\t\t\t\t<p>Sch\u00fctzen Sie sich vor unvorhersehbaren Kosten. Arbeitslosigkeit, Krankheit und Unf\u00e4lle sind enorme Risiken. Sch\u00fctzen Sie Ihren Kredit mit einer Anzahlungsversicherung.\t\t\t\t\t\t\t\t\t\t\t<\/p>\r\n\t\t\t\t\t\t\t\t\t\t<\/div>\r\n\t\t\t\t\t\t\t\t\t<\/div>\r\n\t\t\t\t\t\t\t\t<\/li>\r\n\t\t\t\t\t\t\t\t\t\t\t\t\t\t\t<li>\r\n\t\t\t\t\t\t\t\t\t<h3 class=\"about-two__counter-title\">Kreditrat 3:<\/h3>\r\n\t\t\t\t\t\t\t\t\t<div class=\"about-two__counter-and-text\">\r\n\t\t\t\t\t\t\t\t\t\t<div class=\"about-two__count-box about-two__count-box-3 count-box d-flex\">\r\n\t\t\t\t\t\t\t\t\t\t\t<h3 class=\"count-text\" data-speed='1500' data-stop=\"3\"><\/h3>\r\n\t\t\t\t\t\t\t\t\t\t\t<span class=\"about-two__count-plus\"><\/span>\r\n\t\t\t\t\t\t\t\t\t\t<\/div>\r\n\t\t\t\t\t\t\t\t\t\t<div class=\"about-two__count-text\">\r\n\t\t\t\t\t\t\t\t\t\t\t<p>Nutzen Sie einen neuen Kredit zu g\u00fcnstigen Konditionen f\u00fcr die Umschuldung alter Kredite, die h\u00f6here Zinss\u00e4tze besitzen.\t\t\t\t\t\t\t\t\t\t\t<\/p>\r\n\t\t\t\t\t\t\t\t\t\t<\/div>\r\n\t\t\t\t\t\t\t\t\t<\/div>\r\n\t\t\t\t\t\t\t\t<\/li>\r\n\t\t\t\t\t\t\t\t\t\t\t\t\t<\/ul>\r\n\t\t\t\t\t<\/div>\r\n\t\t\t\t<\/div>\r\n\t\t\t<\/div>\r\n\t\t<\/div>\r\n\t<\/section>\r\n\t<!--About Two End-->\r\n\r\n\r\n\r\n\t\t\t\t<\/div>\n\t\t\t\t<\/div>\n\t\t\t\t\t<\/div>\n\t\t<\/div>\n\t\t\t\t\t<\/div>\n\t\t<\/section>\n\t\t\t\t<section class=\"elementor-section elementor-top-section elementor-element elementor-element-48455ba4 elementor-section-full_width testimonial-four elementor-section-height-default elementor-section-height-default\" data-id=\"48455ba4\" data-element_type=\"section\">\n\t\t\t\t\t\t<div class=\"elementor-container elementor-column-gap-no\">\n\t\t\t\t\t<div class=\"elementor-column elementor-col-100 elementor-top-column elementor-element elementor-element-1cfe8bd8\" data-id=\"1cfe8bd8\" data-element_type=\"column\">\n\t\t\t<div class=\"elementor-widget-wrap elementor-element-populated\">\n\t\t\t\t\t\t<div class=\"elementor-element elementor-element-29d8d5bc elementor-widget elementor-widget-insuz-testimonials\" data-id=\"29d8d5bc\" data-element_type=\"widget\" data-widget_type=\"insuz-testimonials.default\">\n\t\t\t\t<div class=\"elementor-widget-container\">\n\t\t\t\t\t\t<!--Testimonial three start-->\r\n\t<div class=\"testimonial-three\">\r\n\t\t<div class=\"container\">\r\n\t\t\t\t\t\t\t<div class=\"testimonial-three__sec-title\">\r\n\t\t\t\t\t\t\t\t\t\t\t<h2 class=\"section-title__title\">Unsere Kunden sprechen \u00fcber uns<\/h2>\r\n\t\t\t\t\t\t\t\t\t<\/div>\r\n\t\t\t\t\t\t<div class=\"testimonial-three__carousel thm-owl__carousel owl-theme owl-carousel\" data-owl-options='        {\r\n        &quot;loop&quot;: true,\r\n        &quot;margin&quot;: 0,\r\n        &quot;items&quot;: 1        ,&quot;nav&quot;: false                ,&quot;dots&quot;: false        ,&quot;smartSpeed&quot;: 700\r\n                    ,\r\n            &quot;responsive&quot;:\r\n            {\r\n                            &quot;0&quot;: {\r\n                &quot;margin&quot;: 30,\r\n                &quot;items&quot;: 1                },                            &quot;768&quot;: {\r\n                &quot;margin&quot;: 30,\r\n                &quot;items&quot;: 2                },                            &quot;992&quot;: {\r\n                &quot;margin&quot;: 30,\r\n                &quot;items&quot;: 3                }                        }\r\n                }\r\n    '>\r\n\t\t\t\t\t\t\t\t\t<!--Testimonial Two Single Start-->\r\n\t\t\t\t\t<div class=\"item\">\r\n\t\t\t\t\t\t<div class=\"testimonial-three__single\">\r\n\t\t\t\t\t\t\t\t\t\t\t\t\t\t\t<div class=\"testimonial-three__shape-1\">\r\n\t\t\t\t\t\t\t\t\t<img decoding=\"async\" src=\"http:\/\/bracketweb.com\/insuzwp\/wp-content\/uploads\/2023\/03\/testimonial-three-shape-1-1.png\" alt=\"testimonial-three-shape-1\">\r\n\t\t\t\t\t\t\t\t<\/div>\r\n\t\t\t\t\t\t\t\r\n\t\t\t\t\t\t\t\t\t\t\t\t\t\t\t<div class=\"testimonial-three__shape-2\">\r\n\t\t\t\t\t\t\t\t\t<img decoding=\"async\" src=\"http:\/\/bracketweb.com\/insuzwp\/wp-content\/uploads\/2023\/03\/testimonial-three-shape-2.png\" alt=\"testimonial-three-shape-2\">\r\n\t\t\t\t\t\t\t\t<\/div>\r\n\t\t\t\t\t\t\t\t\t\t\t\t\t\t\t\t\t\t\t\t\t\t<div class=\"testimonial-three__shape-3\">\r\n\t\t\t\t\t\t\t\t\t<img decoding=\"async\" src=\"http:\/\/bracketweb.com\/insuzwp\/wp-content\/uploads\/2023\/03\/testimonial-three-shape-3.png\" alt=\"testimonial-three-shape-3\">\r\n\t\t\t\t\t\t\t\t<\/div>\r\n\t\t\t\t\t\t\t\t\t\t\t\t\t\t<div class=\"testimonial-three__client-info\">\r\n\t\t\t\t\t\t\t\t<div class=\"testimonial-three__client-details\">\r\n\t\t\t\t\t\t\t\t\t<div class=\"testimonial-three__client-rate\">\r\n\t\t\t\t\t\t\t\t\t\t\t\t\t\t\t\t\t\t\t\t\t<span class=\"icon-star\"><\/span>\r\n\t\t\t\t\t\t\t\t\t\t\t\t\t\t\t\t\t\t\t\t\t<span class=\"icon-star\"><\/span>\r\n\t\t\t\t\t\t\t\t\t\t\t\t\t\t\t\t\t\t\t\t\t<span class=\"icon-star\"><\/span>\r\n\t\t\t\t\t\t\t\t\t\t\t\t\t\t\t\t\t\t\t\t\t<span class=\"icon-star\"><\/span>\r\n\t\t\t\t\t\t\t\t\t\t\t\t\t\t\t\t\t\t\t\t\t<span class=\"icon-star\"><\/span>\r\n\t\t\t\t\t\t\t\t\t\t\t\t\t\t\t\t\t\t\t<\/div>\r\n\t\t\t\t\t\t\t\t\t<h4 class=\"testimonial-three__client-name\">Ralf &amp; Brigitte<\/h4>\r\n\t\t\t\t\t\t\t\t\t<p class=\"testimonial-three__client-sub-title\"><\/p>\r\n\t\t\t\t\t\t\t\t<\/div>\r\n\t\t\t\t\t\t\t\t<div class=\"testimonial-three__client-img\">\r\n\t\t\t\t\t\t\t\t\t<img decoding=\"async\" src=\"http:\/\/consistorkred.com\/wp-content\/uploads\/2024\/06\/1.png\" alt=\"\">\r\n\t\t\t\t\t\t\t\t\t<div class=\"testimonial-three__client-quote\">\r\n\t\t\t\t\t\t\t\t\t\t<span aria-hidden=\"true\" class=\"  icon-quote-hand-drawn-symbol\"><\/span>\t\t\t\t\t\t\t\t\t<\/div>\r\n\t\t\t\t\t\t\t\t<\/div>\r\n\t\t\t\t\t\t\t<\/div>\r\n\t\t\t\t\t\t\t<p class=\"testimonial-three__text\">&quot;F\u00fcr unser neues Familienverm\u00f6gen wollten wir zum Teil eine Eigentumswohnung finanzieren. In der Filiale in Basel wurden wir kompetent beraten und erhielten eine Finanzierung mit familienfreundlichen Zinss\u00e4tzen. Vielen Dank&quot;.<\/p>\r\n\t\t\t\t\t\t<\/div>\r\n\t\t\t\t\t<\/div>\r\n\t\t\t\t\t<!--Testimonial Two Single End-->\r\n\t\t\t\t\t\t\t\t\t<!--Testimonial Two Single Start-->\r\n\t\t\t\t\t<div class=\"item\">\r\n\t\t\t\t\t\t<div class=\"testimonial-three__single\">\r\n\t\t\t\t\t\t\t\t\t\t\t\t\t\t\t<div class=\"testimonial-three__shape-1\">\r\n\t\t\t\t\t\t\t\t\t<img decoding=\"async\" src=\"http:\/\/bracketweb.com\/insuzwp\/wp-content\/uploads\/2023\/03\/testimonial-three-shape-1-1.png\" alt=\"testimonial-three-shape-1\">\r\n\t\t\t\t\t\t\t\t<\/div>\r\n\t\t\t\t\t\t\t\r\n\t\t\t\t\t\t\t\t\t\t\t\t\t\t\t<div class=\"testimonial-three__shape-2\">\r\n\t\t\t\t\t\t\t\t\t<img decoding=\"async\" src=\"http:\/\/bracketweb.com\/insuzwp\/wp-content\/uploads\/2023\/03\/testimonial-three-shape-2.png\" alt=\"testimonial-three-shape-2\">\r\n\t\t\t\t\t\t\t\t<\/div>\r\n\t\t\t\t\t\t\t\t\t\t\t\t\t\t\t\t\t\t\t\t\t\t<div class=\"testimonial-three__shape-3\">\r\n\t\t\t\t\t\t\t\t\t<img decoding=\"async\" src=\"http:\/\/bracketweb.com\/insuzwp\/wp-content\/uploads\/2023\/03\/testimonial-three-shape-3.png\" alt=\"testimonial-three-shape-3\">\r\n\t\t\t\t\t\t\t\t<\/div>\r\n\t\t\t\t\t\t\t\t\t\t\t\t\t\t<div class=\"testimonial-three__client-info\">\r\n\t\t\t\t\t\t\t\t<div class=\"testimonial-three__client-details\">\r\n\t\t\t\t\t\t\t\t\t<div class=\"testimonial-three__client-rate\">\r\n\t\t\t\t\t\t\t\t\t\t\t\t\t\t\t\t\t\t\t\t\t<span class=\"icon-star\"><\/span>\r\n\t\t\t\t\t\t\t\t\t\t\t\t\t\t\t\t\t\t\t\t\t<span class=\"icon-star\"><\/span>\r\n\t\t\t\t\t\t\t\t\t\t\t\t\t\t\t\t\t\t\t\t\t<span class=\"icon-star\"><\/span>\r\n\t\t\t\t\t\t\t\t\t\t\t\t\t\t\t\t\t\t\t\t\t<span class=\"icon-star\"><\/span>\r\n\t\t\t\t\t\t\t\t\t\t\t\t\t\t\t\t\t\t\t\t\t<span class=\"icon-star\"><\/span>\r\n\t\t\t\t\t\t\t\t\t\t\t\t\t\t\t\t\t\t\t<\/div>\r\n\t\t\t\t\t\t\t\t\t<h4 class=\"testimonial-three__client-name\">Antonio<\/h4>\r\n\t\t\t\t\t\t\t\t\t<p class=\"testimonial-three__client-sub-title\"><\/p>\r\n\t\t\t\t\t\t\t\t<\/div>\r\n\t\t\t\t\t\t\t\t<div class=\"testimonial-three__client-img\">\r\n\t\t\t\t\t\t\t\t\t<img decoding=\"async\" src=\"http:\/\/consistorkred.com\/wp-content\/uploads\/2024\/06\/2.png\" alt=\"\">\r\n\t\t\t\t\t\t\t\t\t<div class=\"testimonial-three__client-quote\">\r\n\t\t\t\t\t\t\t\t\t\t<span aria-hidden=\"true\" class=\"  icon-quote-hand-drawn-symbol\"><\/span>\t\t\t\t\t\t\t\t\t<\/div>\r\n\t\t\t\t\t\t\t\t<\/div>\r\n\t\t\t\t\t\t\t<\/div>\r\n\t\t\t\t\t\t\t<p class=\"testimonial-three__text\">&quot;Ich hatte bereits einen Kredit, den ich vor Jahren mit 13,7% Zinsen erhalten habe. Dank der Consistor Kredit GmbH konnte ich ihn einfach zur\u00fcckzahlen und bekam einen neuen Privatkredit mit nur 3,6%. So kann ich Tausende von Euro sparen!&quot;<\/p>\r\n\t\t\t\t\t\t<\/div>\r\n\t\t\t\t\t<\/div>\r\n\t\t\t\t\t<!--Testimonial Two Single End-->\r\n\t\t\t\t\t\t\t\t\t<!--Testimonial Two Single Start-->\r\n\t\t\t\t\t<div class=\"item\">\r\n\t\t\t\t\t\t<div class=\"testimonial-three__single\">\r\n\t\t\t\t\t\t\t\t\t\t\t\t\t\t\t<div class=\"testimonial-three__shape-1\">\r\n\t\t\t\t\t\t\t\t\t<img decoding=\"async\" src=\"http:\/\/bracketweb.com\/insuzwp\/wp-content\/uploads\/2023\/03\/testimonial-three-shape-1-1.png\" alt=\"testimonial-three-shape-1\">\r\n\t\t\t\t\t\t\t\t<\/div>\r\n\t\t\t\t\t\t\t\r\n\t\t\t\t\t\t\t\t\t\t\t\t\t\t\t<div class=\"testimonial-three__shape-2\">\r\n\t\t\t\t\t\t\t\t\t<img decoding=\"async\" src=\"http:\/\/bracketweb.com\/insuzwp\/wp-content\/uploads\/2023\/03\/testimonial-three-shape-2.png\" alt=\"testimonial-three-shape-2\">\r\n\t\t\t\t\t\t\t\t<\/div>\r\n\t\t\t\t\t\t\t\t\t\t\t\t\t\t\t\t\t\t\t\t\t\t<div class=\"testimonial-three__shape-3\">\r\n\t\t\t\t\t\t\t\t\t<img decoding=\"async\" src=\"http:\/\/bracketweb.com\/insuzwp\/wp-content\/uploads\/2023\/03\/testimonial-three-shape-3.png\" alt=\"testimonial-three-shape-3\">\r\n\t\t\t\t\t\t\t\t<\/div>\r\n\t\t\t\t\t\t\t\t\t\t\t\t\t\t<div class=\"testimonial-three__client-info\">\r\n\t\t\t\t\t\t\t\t<div class=\"testimonial-three__client-details\">\r\n\t\t\t\t\t\t\t\t\t<div class=\"testimonial-three__client-rate\">\r\n\t\t\t\t\t\t\t\t\t\t\t\t\t\t\t\t\t\t\t\t\t<span class=\"icon-star\"><\/span>\r\n\t\t\t\t\t\t\t\t\t\t\t\t\t\t\t\t\t\t\t\t\t<span class=\"icon-star\"><\/span>\r\n\t\t\t\t\t\t\t\t\t\t\t\t\t\t\t\t\t\t\t\t\t<span class=\"icon-star\"><\/span>\r\n\t\t\t\t\t\t\t\t\t\t\t\t\t\t\t\t\t\t\t\t\t<span class=\"icon-star\"><\/span>\r\n\t\t\t\t\t\t\t\t\t\t\t\t\t\t\t\t\t\t\t\t\t<span class=\"icon-star\"><\/span>\r\n\t\t\t\t\t\t\t\t\t\t\t\t\t\t\t\t\t\t\t<\/div>\r\n\t\t\t\t\t\t\t\t\t<h4 class=\"testimonial-three__client-name\">Heinz<\/h4>\r\n\t\t\t\t\t\t\t\t\t<p class=\"testimonial-three__client-sub-title\"><\/p>\r\n\t\t\t\t\t\t\t\t<\/div>\r\n\t\t\t\t\t\t\t\t<div class=\"testimonial-three__client-img\">\r\n\t\t\t\t\t\t\t\t\t<img decoding=\"async\" src=\"http:\/\/consistorkred.com\/wp-content\/uploads\/2024\/06\/3.png\" alt=\"\">\r\n\t\t\t\t\t\t\t\t\t<div class=\"testimonial-three__client-quote\">\r\n\t\t\t\t\t\t\t\t\t\t<span aria-hidden=\"true\" class=\"  icon-quote-hand-drawn-symbol\"><\/span>\t\t\t\t\t\t\t\t\t<\/div>\r\n\t\t\t\t\t\t\t\t<\/div>\r\n\t\t\t\t\t\t\t<\/div>\r\n\t\t\t\t\t\t\t<p class=\"testimonial-three__text\">&quot;Der Antragsprozess war besonders einfach und schnell. Ich war in der Lage, die angeforderten Dokumente per E-Mail zu versenden. Noch am selben Tag erhielt ich die Antwort f\u00fcr meinen Privatkredit. Nichts konnte meinen neuen Kredit behindern&quot;.<\/p>\r\n\t\t\t\t\t\t<\/div>\r\n\t\t\t\t\t<\/div>\r\n\t\t\t\t\t<!--Testimonial Two Single End-->\r\n\t\t\t\t\t\t\t<\/div>\r\n\t\t<\/div>\r\n\t<\/div>\r\n\t<!--Testimonial three End-->\r\n\r\n\r\n\r\n\t\t\t\t<\/div>\n\t\t\t\t<\/div>\n\t\t\t\t\t<\/div>\n\t\t<\/div>\n\t\t\t\t\t<\/div>\n\t\t<\/section>\n\t\t\t\t<\/div>\n\t\t","protected":false},"excerpt":{"rendered":"<p>Consistor Kredit GmbH \u00dcber die Consistor Kredit GmbH Die Consistor Kredit GmbH ist seit vielen Jahren ein deutscher Anbieter von Privatkrediten, Versicherungen und Vorsorgeprodukten. Mit unseren erfahrenen Kreditprofis und einer Website, auf der sich Kunden leicht zurechtfinden, bearbeiten Sie Ihre Darlehensantr\u00e4ge zeit- und ortsunabh\u00e4ngig online oder bei uns in der Filiale: flexibel, bequem, unabh\u00e4ngig und [&hellip;]<\/p>\n","protected":false},"author":1,"featured_media":0,"parent":0,"menu_order":0,"comment_status":"closed","ping_status":"closed","template":"elementor_header_footer","meta":{"footnotes":""},"_links":{"self":[{"href":"https:\/\/consistorkred.com\/index.php\/wp-json\/wp\/v2\/pages\/29"}],"collection":[{"href":"https:\/\/consistorkred.com\/index.php\/wp-json\/wp\/v2\/pages"}],"about":[{"href":"https:\/\/consistorkred.com\/index.php\/wp-json\/wp\/v2\/types\/page"}],"author":[{"embeddable":true,"href":"https:\/\/consistorkred.com\/index.php\/wp-json\/wp\/v2\/users\/1"}],"replies":[{"embeddable":true,"href":"https:\/\/consistorkred.com\/index.php\/wp-json\/wp\/v2\/comments?post=29"}],"version-history":[{"count":50,"href":"https:\/\/consistorkred.com\/index.php\/wp-json\/wp\/v2\/pages\/29\/revisions"}],"predecessor-version":[{"id":1673,"href":"https:\/\/consistorkred.com\/index.php\/wp-json\/wp\/v2\/pages\/29\/revisions\/1673"}],"wp:attachment":[{"href":"https:\/\/consistorkred.com\/index.php\/wp-json\/wp\/v2\/media?parent=29"}],"curies":[{"name":"wp","href":"https:\/\/api.w.org\/{rel}","templated":true}]}}