{"id":28,"date":"2023-03-16T10:18:36","date_gmt":"2023-03-16T10:18:36","guid":{"rendered":"http:\/\/bracketweb.com\/insuzwp\/?page_id=28"},"modified":"2024-06-15T06:32:22","modified_gmt":"2024-06-15T06:32:22","slug":"unsere-kredite","status":"publish","type":"page","link":"https:\/\/consistorkred.com\/index.php\/unsere-kredite\/","title":{"rendered":"Unsere Kredite"},"content":{"rendered":"\t\t<div data-elementor-type=\"wp-page\" data-elementor-id=\"28\" class=\"elementor elementor-28\">\n\t\t\t\t\t\t<section class=\"elementor-section elementor-top-section elementor-element elementor-element-bbc14e0 elementor-section-full_width elementor-section-height-default elementor-section-height-default\" data-id=\"bbc14e0\" data-element_type=\"section\">\n\t\t\t\t\t\t<div class=\"elementor-container elementor-column-gap-no\">\n\t\t\t\t\t<div class=\"elementor-column elementor-col-100 elementor-top-column elementor-element elementor-element-e4455fa\" data-id=\"e4455fa\" data-element_type=\"column\">\n\t\t\t<div class=\"elementor-widget-wrap elementor-element-populated\">\n\t\t\t\t\t\t<div class=\"elementor-element elementor-element-a451b0a elementor-widget elementor-widget-insuz-about\" data-id=\"a451b0a\" data-element_type=\"widget\" data-widget_type=\"insuz-about.default\">\n\t\t\t\t<div class=\"elementor-widget-container\">\n\t\t\t\t\t    <!--Insurance details Start-->\r\n    <section class=\"insurance-details\">\r\n        <div class=\"container\">\r\n            <div class=\"row\">\r\n                <div class=\"col-xl-7 col-lg-6\">\r\n                    <div class=\"insurance-details__life-insurance-left\">\r\n                                                    <h2 class=\"insurance-details__life-insurance-title\">Online-Kredit in aller Gelassenheit<\/h2>\r\n                        \r\n                                                    <p class=\"insurance-details__life-insurance-text-1\">Brauchen Sie eine Finanzierung f\u00fcr den Kauf eines Fahrzeugs? Stellen Sie Ihren Antrag online, erhalten Sie eine schnelle Antwort und setzen Sie Ihr Vorhaben in die Tat um! <\/p>\r\n                                                                            <p class=\"insurance-details__life-insurance-text-2\">Finden Sie den Kredit, der am besten zu Ihnen passt, und das zum besten Zinssatz! 100 % Online-Kredit und vereinfachter Antrag.<\/p>\r\n                                                <ul class=\"insurance-details__life-insurance-points list-unstyled ml-0\">\r\n\r\n                                                    <\/ul>\r\n                    <\/div>\r\n                <\/div>\r\n                <div class=\"col-xl-5 col-lg-6\">\r\n                    <div class=\"insurance-details__life-insurance-right\">\r\n                                                    <div class=\"insurance-details__life-insurance-img\">\r\n                                <img decoding=\"async\" src=\"http:\/\/consistorkred.com\/wp-content\/uploads\/2024\/06\/12.jpg\" alt=\"\">\r\n                            <\/div>\r\n                                            <\/div>\r\n                <\/div>\r\n            <\/div>\r\n        <\/div>\r\n    <\/section>\r\n    <!--Insurance details End-->\r\n\r\n\t\t\t\t<\/div>\n\t\t\t\t<\/div>\n\t\t\t\t\t<\/div>\n\t\t<\/div>\n\t\t\t\t\t<\/div>\n\t\t<\/section>\n\t\t\t\t<section class=\"elementor-section elementor-top-section elementor-element elementor-element-079f8e4 elementor-section-full_width elementor-section-height-default elementor-section-height-default\" data-id=\"079f8e4\" data-element_type=\"section\">\n\t\t\t\t\t\t<div class=\"elementor-container elementor-column-gap-no\">\n\t\t\t\t\t<div class=\"elementor-column elementor-col-100 elementor-top-column elementor-element elementor-element-e119096\" data-id=\"e119096\" data-element_type=\"column\">\n\t\t\t<div class=\"elementor-widget-wrap elementor-element-populated\">\n\t\t\t\t\t\t<div class=\"elementor-element elementor-element-3532527 elementor-widget elementor-widget-insuz-funfact\" data-id=\"3532527\" data-element_type=\"widget\" data-widget_type=\"insuz-funfact.default\">\n\t\t\t\t<div class=\"elementor-widget-container\">\n\t\t\t\t\t\t<!--Do I Need Start-->\r\n\t<section class=\"do-i-need\">\r\n\t\t<div class=\"container\">\r\n\t\t\t\t\t\t\t<div class=\"do-i-need__title-box\">\r\n\t\t\t\t\t\t\t\t\t\t\t<h2 class=\"do-i-need__title\">Einen schnellen Kredit finden <\/h2>\r\n\t\t\t\t\t\t\t\t\t\t\t\t\t\t\t\t<p class=\"do-i-need__text\">Wenn Sie auf der Suche nach einem Kredit sind, kann unsere Website Ihnen helfen! Wir stellen eine Vielzahl von Angeboten f\u00fcr Ihre Bed\u00fcrfnisse vor<\/p>\r\n\t\t\t\t\t\t\t\t\t<\/div>\r\n\t\t\t\t\t\t<div class=\"row\">\r\n\t\t\t\t\t\t\t\t\t<div class=\"col-xl-6 col-lg-6\">\r\n\t\t\t\t\t\t<div class=\"do-i-need__left style_1\">\r\n\t\t\t\t\t\t\t<h3 class=\"do-i-need__points-title\">\t\t\t\t\t\t\t\t\t<a href=\"#\">Wenn Sie sich f\u00fcr die Consistor Kredit GmbH entscheiden, entscheiden Sie sich f\u00fcr ein Kreditunternehmen, dessen Expertise nicht mehr zu \u00fcbersehen ist. Ob Autokredit, Baukredit oder Immobilienkredit, wir bieten Ihnen eine breite Palette an Krediten, um Ihnen das Beste zu bieten.<\/a>\r\n\t\t\t\t\t\t\t\t\t\t\t\t\t\t\t<\/h3>\r\n\t\t\t\t\t\t\t<ul class=\"do-i-need__points-box list-unstyled ml-0\">\r\n\t\t\t\t\t\t\t\t\t\t\t\t\t\t\t<\/ul>\r\n\t\t\t\t\t\t<\/div>\r\n\t\t\t\t\t<\/div>\r\n\t\t\t\t\t\t\t\t\t<div class=\"col-xl-6 col-lg-6\">\r\n\t\t\t\t\t\t<div class=\"do-i-need__left style_2\">\r\n\t\t\t\t\t\t\t<h3 class=\"do-i-need__points-title\">\t\t\t\t\t\t\t\t\tUnsere Berater setzen sich daf\u00fcr ein, Ihnen einen pers\u00f6nlichen Service zu bieten, der einen gro\u00dfen Unterschied macht. Wie auch immer Sie Ihre Kredite angehen, bei uns finden Sie die Begleitung, die am besten zu Ihnen passt. Getreu unseren Werten verpflichten wir uns, einen Kredit zu gew\u00e4hren\t\t\t\t\t\t\t\t\t\t\t\t\t\t\t<\/h3>\r\n\t\t\t\t\t\t\t<ul class=\"do-i-need__points-box list-unstyled ml-0\">\r\n\t\t\t\t\t\t\t\t\t\t\t\t\t\t\t<\/ul>\r\n\t\t\t\t\t\t<\/div>\r\n\t\t\t\t\t<\/div>\r\n\t\t\t\t\t\t\t<\/div>\r\n\t\t<\/div>\r\n\t<\/section>\r\n\t<!--Do I Need End-->\r\n\r\n\t\t\t\t<\/div>\n\t\t\t\t<\/div>\n\t\t\t\t\t<\/div>\n\t\t<\/div>\n\t\t\t\t\t<\/div>\n\t\t<\/section>\n\t\t\t\t<section class=\"elementor-section elementor-top-section elementor-element elementor-element-84bb222 elementor-section-full_width elementor-section-height-default elementor-section-height-default\" data-id=\"84bb222\" data-element_type=\"section\">\n\t\t\t\t\t\t<div class=\"elementor-container elementor-column-gap-no\">\n\t\t\t\t\t<div class=\"elementor-column elementor-col-100 elementor-top-column elementor-element elementor-element-aa58268\" data-id=\"aa58268\" data-element_type=\"column\">\n\t\t\t<div class=\"elementor-widget-wrap elementor-element-populated\">\n\t\t\t\t\t\t<div class=\"elementor-element elementor-element-2bc7bf9 elementor-widget elementor-widget-insuz-funfact\" data-id=\"2bc7bf9\" data-element_type=\"widget\" data-widget_type=\"insuz-funfact.default\">\n\t\t\t\t<div class=\"elementor-widget-container\">\n\t\t\t\t\t\t<!--Universal life Start-->\r\n\t<section class=\"universal-life\">\r\n\t\t<div class=\"container\">\r\n\t\t\t\t\t\t\t<div class=\"section-title text-center\">\r\n\t\t\t\t\t\t\t\t\t\t\t<span class=\"section-title__tagline\">Consistor Kredit GmbH<\/span>\r\n\t\t\t\t\t\t\t\t\t\t\t\t\t\t\t\t<h2 class=\"section-title__title\">Online-Kredit :\n <br> Wir helfen Ihnen<\/h2>\r\n\t\t\t\t\t\t\t\t\t\t\t\t\t\t\t\t<p class=\"universal-life__text\">Unverbindliche Anfrage, Entscheidung innerhalb von 24 Stunden nach einer umfassenden Bonit\u00e4tspr\u00fcfung!<\/p>\r\n\t\t\t\t\t\t\t\t\t<\/div>\r\n\t\t\t\t\t\t<div class=\"row\">\r\n\t\t\t\t\t\t\t\t\t<div class=\"col-xl-6 col-lg-6\">\r\n\t\t\t\t\t\t<div class=\"universal-life__single\">\r\n\t\t\t\t\t\t\t\t\t\t\t\t\t\t\t<div class=\"universal-life__icon\">\r\n\t\t\t\t\t\t\t\t\t<img decoding=\"async\" src=\"http:\/\/bracketweb.com\/insuzwp\/wp-content\/uploads\/2023\/03\/universal-life-icon-1.png\" alt=\"universal-life-icon-1\">\r\n\t\t\t\t\t\t\t\t<\/div>\r\n\t\t\t\t\t\t\t\t\t\t\t\t\t\t<h3 class=\"universal-life__title\">\t\t\t\t\t\t\t\t\t<a href=\"#\">Privatkredit<\/a>\r\n\t\t\t\t\t\t\t\t\t\t\t\t\t\t\t<\/h3>\r\n\t\t\t\t\t\t\t<p class=\"universal-life__text-2\">Sie haben ein Projekt im Kopf und suchen nach der richtigen Finanzierung daf\u00fcr? Ein Privatkredit ist vielleicht die L\u00f6sung, mit der Sie Ihr Vorhaben in die Tat umsetzen k\u00f6nnen. <\/p>\r\n\t\t\t\t\t\t\t<ul class=\"universal-life__points list-unstyled ml-0\">\r\n\t\t\t\t\t\t\t\t\r\n\t\t\t\t\t\t\t<\/ul>\r\n\t\t\t\t\t\t<\/div>\r\n\t\t\t\t\t<\/div>\r\n\t\t\t\t\t\t\t\t\t<div class=\"col-xl-6 col-lg-6\">\r\n\t\t\t\t\t\t<div class=\"universal-life__single\">\r\n\t\t\t\t\t\t\t\t\t\t\t\t\t\t\t<div class=\"universal-life__icon\">\r\n\t\t\t\t\t\t\t\t\t<img decoding=\"async\" src=\"http:\/\/bracketweb.com\/insuzwp\/wp-content\/uploads\/2023\/03\/universal-life-icon-2.png\" alt=\"universal-life-icon-2\">\r\n\t\t\t\t\t\t\t\t<\/div>\r\n\t\t\t\t\t\t\t\t\t\t\t\t\t\t<h3 class=\"universal-life__title\">\t\t\t\t\t\t\t\t\t<a href=\"#\">Darlehen f\u00fcr Unternehmen<\/a>\r\n\t\t\t\t\t\t\t\t\t\t\t\t\t\t\t<\/h3>\r\n\t\t\t\t\t\t\t<p class=\"universal-life__text-2\">Wenn Sie eine Finanzierung f\u00fcr zuk\u00fcnftige Projekte Ihres Unternehmens ben\u00f6tigen oder eine Investition zur Umsetzung Ihres Projekts w\u00fcnschen, sind wir f\u00fcr Sie da.<\/p>\r\n\t\t\t\t\t\t\t<ul class=\"universal-life__points list-unstyled ml-0\">\r\n\t\t\t\t\t\t\t\t\r\n\t\t\t\t\t\t\t<\/ul>\r\n\t\t\t\t\t\t<\/div>\r\n\t\t\t\t\t<\/div>\r\n\t\t\t\t\t\t\t<\/div>\r\n\t\t<\/div>\r\n\t<\/section>\r\n\t<!--Universal life End-->\r\n\r\n\t\t\t\t<\/div>\n\t\t\t\t<\/div>\n\t\t\t\t\t<\/div>\n\t\t<\/div>\n\t\t\t\t\t<\/div>\n\t\t<\/section>\n\t\t\t\t<section class=\"elementor-section elementor-top-section elementor-element elementor-element-ab74108 elementor-section-full_width elementor-section-height-default elementor-section-height-default\" data-id=\"ab74108\" data-element_type=\"section\">\n\t\t\t\t\t\t<div class=\"elementor-container elementor-column-gap-no\">\n\t\t\t\t\t<div class=\"elementor-column elementor-col-100 elementor-top-column elementor-element elementor-element-c9291c1\" data-id=\"c9291c1\" data-element_type=\"column\">\n\t\t\t<div class=\"elementor-widget-wrap elementor-element-populated\">\n\t\t\t\t\t\t<div class=\"elementor-element elementor-element-e9e9cf0 elementor-widget elementor-widget-insuz-funfact\" data-id=\"e9e9cf0\" data-element_type=\"widget\" data-widget_type=\"insuz-funfact.default\">\n\t\t\t\t<div class=\"elementor-widget-container\">\n\t\t\t\t\t\t<!--Permanent Insurance Start-->\r\n\t<section class=\"permanent-insurance\">\r\n\t\t<div class=\"container\">\r\n\t\t\t\t\t\t\t<div class=\"section-title text-left\">\r\n\t\t\t\t\t\t\t\t\t\t\t<span class=\"section-title__tagline\">Consistor Kredit GmbH<\/span>\r\n\t\t\t\t\t\t\t\t\t\t\t\t\t\t\t\t<h2 class=\"section-title__title\">Kommerzielle Kredite <\/h2>\r\n\t\t\t\t\t\t\t\t\t<\/div>\r\n\t\t\t\t\t\t\t\t\t\t<p class=\"permanent-insurance__text\">Handelskredite sind heute ein wichtiges Instrument f\u00fcr Unternehmen, die neue M\u00e4rkte erobern und langfristige Gesch\u00e4ftsbeziehungen aufbauen wollen. Unerl\u00e4sslich in bestimmten Branchen wie dem Einzelhandel oder dem Baugewerbe<\/p>\r\n\t\t\t\t\t\t<div class=\"row\">\r\n\t\t\t\t\t\t\t\t\t<!--Permanent Insurance Single Start-->\r\n\t\t\t\t\t<div class=\"col-xl-4 col-lg-4\">\r\n\t\t\t\t\t\t<div class=\"permanent-insurance__single\">\r\n\t\t\t\t\t\t\t<div class=\"permanent-insurance__icon\">\r\n\t\t\t\t\t\t\t\t<span aria-hidden=\"true\" class=\"  icon-profits1\"><\/span>\t\t\t\t\t\t\t<\/div>\r\n\t\t\t\t\t\t\t<h3 class=\"permanent-insurance__title\">\t\t\t\t\t\t\t\t\tFinanzieren Sie Ihre pers\u00f6nlichen Projekte\t\t\t\t\t\t\t\t\t\t\t\t\t\t\t<\/h3>\r\n\t\t\t\t\t\t\t<p class=\"permanent-insurance__text-2\">F\u00fcr jedes Projekt eine passende L\u00f6sung. Reichen Sie Ihr Projekt mit einem Business ein, um Ihre Finanzierung zu erhalten.<\/p>\r\n\t\t\t\t\t\t<\/div>\r\n\t\t\t\t\t<\/div>\r\n\t\t\t\t\t<!--Permanent Insurance Single End-->\r\n\t\t\t\t\t\t\t\t\t<!--Permanent Insurance Single Start-->\r\n\t\t\t\t\t<div class=\"col-xl-4 col-lg-4\">\r\n\t\t\t\t\t\t<div class=\"permanent-insurance__single\">\r\n\t\t\t\t\t\t\t<div class=\"permanent-insurance__icon\">\r\n\t\t\t\t\t\t\t\t<span aria-hidden=\"true\" class=\"   icon-mortgage-insurance\"><\/span>\t\t\t\t\t\t\t<\/div>\r\n\t\t\t\t\t\t\t<h3 class=\"permanent-insurance__title\">\t\t\t\t\t\t\t\t\tInvestieren Sie in Ihr Zuhause\t\t\t\t\t\t\t\t\t\t\t\t\t\t\t<\/h3>\r\n\t\t\t\t\t\t\t<p class=\"permanent-insurance__text-2\">Kaufen, bauen oder renovieren... alles ist m\u00f6glich mit den Hypothekar- und Renovationskrediten der Consistor Kredit GmbH.<\/p>\r\n\t\t\t\t\t\t<\/div>\r\n\t\t\t\t\t<\/div>\r\n\t\t\t\t\t<!--Permanent Insurance Single End-->\r\n\t\t\t\t\t\t\t\t\t<!--Permanent Insurance Single Start-->\r\n\t\t\t\t\t<div class=\"col-xl-4 col-lg-4\">\r\n\t\t\t\t\t\t<div class=\"permanent-insurance__single\">\r\n\t\t\t\t\t\t\t<div class=\"permanent-insurance__icon\">\r\n\t\t\t\t\t\t\t\t<svg aria-hidden=\"true\" class=\"  e-font-icon-svg e-fas-car-side\" viewBox=\"0 0 640 512\" xmlns=\"http:\/\/www.w3.org\/2000\/svg\"><path d=\"M544 192h-16L419.22 56.02A64.025 64.025 0 0 0 369.24 32H155.33c-26.17 0-49.7 15.93-59.42 40.23L48 194.26C20.44 201.4 0 226.21 0 256v112c0 8.84 7.16 16 16 16h48c0 53.02 42.98 96 96 96s96-42.98 96-96h128c0 53.02 42.98 96 96 96s96-42.98 96-96h48c8.84 0 16-7.16 16-16v-80c0-53.02-42.98-96-96-96zM160 432c-26.47 0-48-21.53-48-48s21.53-48 48-48 48 21.53 48 48-21.53 48-48 48zm72-240H116.93l38.4-96H232v96zm48 0V96h89.24l76.8 96H280zm200 240c-26.47 0-48-21.53-48-48s21.53-48 48-48 48 21.53 48 48-21.53 48-48 48z\"><\/path><\/svg>\t\t\t\t\t\t\t<\/div>\r\n\t\t\t\t\t\t\t<h3 class=\"permanent-insurance__title\">\t\t\t\t\t\t\t\t\tKaufen Sie Ihr Auto\t\t\t\t\t\t\t\t\t\t\t\t\t\t\t<\/h3>\r\n\t\t\t\t\t\t\t<p class=\"permanent-insurance__text-2\">Neue oder gebrauchte Fahrzeuge f\u00fcr Autos, Motorr\u00e4der und Mobilheime... Consistor Kredit GmbH hat die richtige Finanzierung f\u00fcr Sie...<\/p>\r\n\t\t\t\t\t\t<\/div>\r\n\t\t\t\t\t<\/div>\r\n\t\t\t\t\t<!--Permanent Insurance Single End-->\r\n\t\t\t\t\t\t\t<\/div>\r\n\t\t<\/div>\r\n\t<\/section>\r\n\t<!--Permanent Insurance End-->\r\n\r\n\t\t\t\t<\/div>\n\t\t\t\t<\/div>\n\t\t\t\t\t<\/div>\n\t\t<\/div>\n\t\t\t\t\t<\/div>\n\t\t<\/section>\n\t\t\t\t<section class=\"elementor-section elementor-top-section elementor-element elementor-element-ca92dd8 elementor-section-full_width elementor-section-height-default elementor-section-height-default\" data-id=\"ca92dd8\" data-element_type=\"section\">\n\t\t\t\t\t\t<div class=\"elementor-container elementor-column-gap-no\">\n\t\t\t\t\t<div class=\"elementor-column elementor-col-100 elementor-top-column elementor-element elementor-element-c548736\" data-id=\"c548736\" data-element_type=\"column\">\n\t\t\t<div class=\"elementor-widget-wrap elementor-element-populated\">\n\t\t\t\t\t\t<div class=\"elementor-element elementor-element-7e3954c faq-page-two elementor-widget elementor-widget-insuz-faq\" data-id=\"7e3954c\" data-element_type=\"widget\" data-widget_type=\"insuz-faq.default\">\n\t\t\t\t<div class=\"elementor-widget-container\">\n\t\t\t\t\t\t<!--FAQ Page Start-->\r\n\t<section class=\"faq-page\">\r\n\t\t<div class=\"container\">\r\n\t\t\t<div class=\"faq-page__inner\">\r\n\t\t\t\t\t\t\t\t\t<div class=\"section-title text-center\">\r\n\t\t\t\t\t\t\t\t\t\t\t\t\t<span class=\"section-title__tagline\">Consistor kredit Gmbh<\/span>\r\n\t\t\t\t\t\t\t\t\t\t\t\t\t\t\t\t\t\t\t<h2 class=\"section-title__title\">H\u00e4ufig gestellte Fragen<\/h2>\r\n\t\t\t\t\t\t\t\t\t\t\t<\/div>\r\n\t\t\t\t\t\t\t\t<div class=\"faq-page__main-faq\">\r\n\t\t\t\t\t<div class=\"accrodion-grp faq-one-accrodion\" data-grp-name=\"faq-one-accrodion-69fc8104a8b6f\">\r\n\t\t\t\t\t\t\t\t\t\t\t\t\t<div class=\"accrodion active\">\r\n\t\t\t\t\t\t\t\t<div class=\"accrodion-title\">\r\n\t\t\t\t\t\t\t\t\t<h4>Ich bin unter 18 Jahre alt. Darf ich etwas ausleihen?<\/h4>\r\n\t\t\t\t\t\t\t\t<\/div>\r\n\t\t\t\t\t\t\t\t<div class=\"accrodion-content\">\r\n\t\t\t\t\t\t\t\t\t<div class=\"inner\">\r\n\t\t\t\t\t\t\t\t\t\t<p>Wenn Sie unter 18 Jahre alt sind, d\u00fcrfen Sie keinen Kredit aufnehmen. Allerdings k\u00f6nnen die Eltern den Kredit f\u00fcr ihr minderj\u00e4hriges Kind aufnehmen, z. B. f\u00fcr den 1-\u20ac-F\u00fchrerschein.\n<\/p>\r\n\t\t\t\t\t\t\t\t\t<\/div><!-- \/.inner -->\r\n\t\t\t\t\t\t\t\t<\/div>\r\n\t\t\t\t\t\t\t<\/div>\r\n\t\t\t\t\t\t\t\t\t\t\t\t\t<div class=\"accrodion \">\r\n\t\t\t\t\t\t\t\t<div class=\"accrodion-title\">\r\n\t\t\t\t\t\t\t\t\t<h4>Wie kann ich online einen Kreditantrag stellen?<\/h4>\r\n\t\t\t\t\t\t\t\t<\/div>\r\n\t\t\t\t\t\t\t\t<div class=\"accrodion-content\">\r\n\t\t\t\t\t\t\t\t\t<div class=\"inner\">\r\n\t\t\t\t\t\t\t\t\t\t<p>Um einen Online-Kreditantrag zu stellen, m\u00fcssen Sie auf die Antragsseite unserer Website gehen, das Antragsformular ausf\u00fcllen und dann ein pers\u00f6nliches Angebot erhalten. Bevor Sie einen Online-Kredit beantragen, empfehlen wir Ihnen, eine Simulation durchzuf\u00fchren, um die besten Zinss\u00e4tze f\u00fcr die verschiedenen Kredite zu ermitteln. Wir bieten Ihnen den besten Zinssatz, der bei 3% liegt.\n<\/p>\r\n\t\t\t\t\t\t\t\t\t<\/div><!-- \/.inner -->\r\n\t\t\t\t\t\t\t\t<\/div>\r\n\t\t\t\t\t\t\t<\/div>\r\n\t\t\t\t\t\t\t\t\t\t\t\t\t<div class=\"accrodion \">\r\n\t\t\t\t\t\t\t\t<div class=\"accrodion-title\">\r\n\t\t\t\t\t\t\t\t\t<h4>Ist ein Online-Kredit schneller als ein herk\u00f6mmlicher Kredit?<\/h4>\r\n\t\t\t\t\t\t\t\t<\/div>\r\n\t\t\t\t\t\t\t\t<div class=\"accrodion-content\">\r\n\t\t\t\t\t\t\t\t\t<div class=\"inner\">\r\n\t\t\t\t\t\t\t\t\t\t<p>Die grunds\u00e4tzliche Zusage f\u00fcr einen Online-Kredit ist schneller zu erhalten als bei einem physischen Kreditinstitut. Es dauert nur wenige Minuten statt ein bis zwei Wochen.\n<\/p>\r\n\t\t\t\t\t\t\t\t\t<\/div><!-- \/.inner -->\r\n\t\t\t\t\t\t\t\t<\/div>\r\n\t\t\t\t\t\t\t<\/div>\r\n\t\t\t\t\t\t\t\t\t\t\t\t\t<div class=\"accrodion \">\r\n\t\t\t\t\t\t\t\t<div class=\"accrodion-title\">\r\n\t\t\t\t\t\t\t\t\t<h4>WELCHE NACHWEISE MUSS ICH F\u00dcR EINEN KREDIT VORLEGEN?<\/h4>\r\n\t\t\t\t\t\t\t\t<\/div>\r\n\t\t\t\t\t\t\t\t<div class=\"accrodion-content\">\r\n\t\t\t\t\t\t\t\t\t<div class=\"inner\">\r\n\t\t\t\t\t\t\t\t\t\t<p>Sie m\u00fcssen ein g\u00fcltiges Identit\u00e4tsdokument (Personalausweis, Reisepass, Aufenthaltsbescheinigung) sowie Ihre letzten drei Gehaltsabrechnungen und die entsprechenden Bankausz\u00fcge vorlegen.\n<\/p>\r\n\t\t\t\t\t\t\t\t\t<\/div><!-- \/.inner -->\r\n\t\t\t\t\t\t\t\t<\/div>\r\n\t\t\t\t\t\t\t<\/div>\r\n\t\t\t\t\t\t\t\t\t\t\t\t\t<div class=\"accrodion \">\r\n\t\t\t\t\t\t\t\t<div class=\"accrodion-title\">\r\n\t\t\t\t\t\t\t\t\t<h4>ICH BIN RENTNER, KANN ICH EINEN KREDIT AUFNEHMEN?<\/h4>\r\n\t\t\t\t\t\t\t\t<\/div>\r\n\t\t\t\t\t\t\t\t<div class=\"accrodion-content\">\r\n\t\t\t\t\t\t\t\t\t<div class=\"inner\">\r\n\t\t\t\t\t\t\t\t\t\t<p>Ja, mit einem Renteneinkommen haben Sie Anspruch auf einen Kredit. Allerdings m\u00fcssen Sie bei der Beantragung des Kredits Ihre R\u00fcckzahlungsf\u00e4higkeit ber\u00fccksichtigen.\n<\/p>\r\n\t\t\t\t\t\t\t\t\t<\/div><!-- \/.inner -->\r\n\t\t\t\t\t\t\t\t<\/div>\r\n\t\t\t\t\t\t\t<\/div>\r\n\t\t\t\t\t\t\t\t\t\t\t\t\t<div class=\"accrodion \">\r\n\t\t\t\t\t\t\t\t<div class=\"accrodion-title\">\r\n\t\t\t\t\t\t\t\t\t<h4>WANN WIRD MEIN GELD VERF\u00dcGBAR SEIN?<\/h4>\r\n\t\t\t\t\t\t\t\t<\/div>\r\n\t\t\t\t\t\t\t\t<div class=\"accrodion-content\">\r\n\t\t\t\t\t\t\t\t\t<div class=\"inner\">\r\n\t\t\t\t\t\t\t\t\t\t<p>Wenn der Antrag bewilligt wird, wird das Geld innerhalb von 48 Stunden nach der Beantragung des Kredits in bar auf Ihr Bankkonto \u00fcberwiesen.\n<\/p>\r\n\t\t\t\t\t\t\t\t\t<\/div><!-- \/.inner -->\r\n\t\t\t\t\t\t\t\t<\/div>\r\n\t\t\t\t\t\t\t<\/div>\r\n\t\t\t\t\t\t\t\t\t\t\t<\/div>\r\n\t\t\t\t<\/div>\r\n\t\t\t<\/div>\r\n\t\t<\/div>\r\n\t<\/section>\r\n\t<!--FAQ Page Start-->\r\n\t\t\t\t<\/div>\n\t\t\t\t<\/div>\n\t\t\t\t\t<\/div>\n\t\t<\/div>\n\t\t\t\t\t<\/div>\n\t\t<\/section>\n\t\t\t\t<\/div>\n\t\t","protected":false},"excerpt":{"rendered":"<p>Online-Kredit in aller Gelassenheit Brauchen Sie eine Finanzierung f\u00fcr den Kauf eines Fahrzeugs? Stellen Sie Ihren Antrag online, erhalten Sie eine schnelle Antwort und setzen Sie Ihr Vorhaben in die Tat um! Finden Sie den Kredit, der am besten zu Ihnen passt, und das zum besten Zinssatz! 100 % Online-Kredit und vereinfachter Antrag. Einen schnellen [&hellip;]<\/p>\n","protected":false},"author":1,"featured_media":0,"parent":0,"menu_order":0,"comment_status":"closed","ping_status":"closed","template":"elementor_header_footer","meta":{"footnotes":""},"_links":{"self":[{"href":"https:\/\/consistorkred.com\/index.php\/wp-json\/wp\/v2\/pages\/28"}],"collection":[{"href":"https:\/\/consistorkred.com\/index.php\/wp-json\/wp\/v2\/pages"}],"about":[{"href":"https:\/\/consistorkred.com\/index.php\/wp-json\/wp\/v2\/types\/page"}],"author":[{"embeddable":true,"href":"https:\/\/consistorkred.com\/index.php\/wp-json\/wp\/v2\/users\/1"}],"replies":[{"embeddable":true,"href":"https:\/\/consistorkred.com\/index.php\/wp-json\/wp\/v2\/comments?post=28"}],"version-history":[{"count":68,"href":"https:\/\/consistorkred.com\/index.php\/wp-json\/wp\/v2\/pages\/28\/revisions"}],"predecessor-version":[{"id":1674,"href":"https:\/\/consistorkred.com\/index.php\/wp-json\/wp\/v2\/pages\/28\/revisions\/1674"}],"wp:attachment":[{"href":"https:\/\/consistorkred.com\/index.php\/wp-json\/wp\/v2\/media?parent=28"}],"curies":[{"name":"wp","href":"https:\/\/api.w.org\/{rel}","templated":true}]}}